{"id":660,"date":"2018-06-13T23:31:58","date_gmt":"2018-06-13T20:31:58","guid":{"rendered":"http:\/\/www.seppasuastamoinen.fi\/wordpress\/?page_id=660"},"modified":"2018-06-13T23:49:24","modified_gmt":"2018-06-13T20:49:24","slug":"etusivu","status":"publish","type":"page","link":"http:\/\/www.seppasuastamoinen.fi\/wordpress\/etusivu\/","title":{"rendered":"Etusivu"},"content":{"rendered":"<p><span style=\"font-family: 'Book Antiqua', Palatino;\">L\u00e4mpim\u00e4sti tervetuloa Sepp\u00e4 Suastamoisen nettisivuille!<\/span><\/p>\n<p><span style=\"font-family: 'Book Antiqua', Palatino;\">T\u00e4\u00e4lt\u00e4 ja Facebookista l\u00f6yd\u00e4t ajankohtaista tietoa kursseistani, tuotteistani ja tekemisist\u00e4ni. El\u00e4 kuitenkaan pelekee ottoo suoraa yhteytt\u00e4 s\u00e4hk\u00f6postitse tai puhelimella, etenkiin jos jokin asia askarruttaa tai ei suoraan nettisivuilta l\u00f6\u00f6vy!<\/span><\/p>\n<div><span style=\"font-family: 'Book Antiqua', Palatino;\"><\/span><\/div>\n","protected":false},"excerpt":{"rendered":"<p>L\u00e4mpim\u00e4sti tervetuloa Sepp\u00e4 Suastamoisen nettisivuille! T\u00e4\u00e4lt\u00e4 ja Facebookista l\u00f6yd\u00e4t ajankohtaista tietoa kursseistani, tuotteistani ja tekemisist\u00e4ni. El\u00e4 kuitenkaan pelekee ottoo suoraa yhteytt\u00e4 s\u00e4hk\u00f6postitse tai puhelimella, etenkiin jos jokin asia askarruttaa tai ei suoraan nettisivuilta l\u00f6\u00f6vy!<\/p>\n","protected":false},"author":3,"featured_media":0,"parent":0,"menu_order":0,"comment_status":"closed","ping_status":"closed","template":"page-full-width.php","meta":[],"_links":{"self":[{"href":"http:\/\/www.seppasuastamoinen.fi\/wordpress\/wp-json\/wp\/v2\/pages\/660"}],"collection":[{"href":"http:\/\/www.seppasuastamoinen.fi\/wordpress\/wp-json\/wp\/v2\/pages"}],"about":[{"href":"http:\/\/www.seppasuastamoinen.fi\/wordpress\/wp-json\/wp\/v2\/types\/page"}],"author":[{"embeddable":true,"href":"http:\/\/www.seppasuastamoinen.fi\/wordpress\/wp-json\/wp\/v2\/users\/3"}],"replies":[{"embeddable":true,"href":"http:\/\/www.seppasuastamoinen.fi\/wordpress\/wp-json\/wp\/v2\/comments?post=660"}],"version-history":[{"count":5,"href":"http:\/\/www.seppasuastamoinen.fi\/wordpress\/wp-json\/wp\/v2\/pages\/660\/revisions"}],"predecessor-version":[{"id":668,"href":"http:\/\/www.seppasuastamoinen.fi\/wordpress\/wp-json\/wp\/v2\/pages\/660\/revisions\/668"}],"wp:attachment":[{"href":"http:\/\/www.seppasuastamoinen.fi\/wordpress\/wp-json\/wp\/v2\/media?parent=660"}],"curies":[{"name":"wp","href":"https:\/\/api.w.org\/{rel}","templated":true}]}}